{"id":3,"date":"2023-12-11T11:06:43","date_gmt":"2023-12-11T11:06:43","guid":{"rendered":"https:\/\/mediakojo.com\/?page_id=3"},"modified":"2023-12-29T17:20:26","modified_gmt":"2023-12-29T16:20:26","slug":"datenschutz","status":"publish","type":"page","link":"https:\/\/www.mediakojo.com\/de\/datenschutz\/","title":{"rendered":"Datenschutzerkl\u00e4rung"},"content":{"rendered":"\t\t<div data-elementor-type=\"wp-page\" data-elementor-id=\"3\" class=\"elementor elementor-3\" data-elementor-post-type=\"page\">\n\t\t\t\t<div class=\"elementor-element elementor-element-1156736d e-flex e-con-boxed e-con e-parent\" data-id=\"1156736d\" data-element_type=\"container\" data-e-type=\"container\">\n\t\t\t\t\t<div class=\"e-con-inner\">\n\t\t\t\t<div class=\"elementor-element elementor-element-7c64228f elementor-widget elementor-widget-text-editor\" data-id=\"7c64228f\" data-element_type=\"widget\" data-e-type=\"widget\" data-widget_type=\"text-editor.default\">\n\t\t\t\t<div class=\"elementor-widget-container\">\n\t\t\t\t\t\t\t\t\t<p><strong>Letzte Aktualisierung: 29. Dezember 2023<\/strong><\/p>\n<p><a href=\"https:\/\/www.mediakojo.com\/\">www.mediakojo.com<\/a> ist ein Internetangebot (im Folgenden jeweils die &#8222;Website&#8220;) der Media Kojo GmbH, Friedrichstrasse 171 in 10117 Berlin, Deutschland, die auch verantwortliche Stelle im Sinne der EU Datenschutz-Grundverordnung (DSGVO) ist (im Folgenden der &#8222;Betreiber&#8220;). Der Betreiber behandelt die vom Nutzer bereit gestellten Informationen jederzeit mit gr\u00f6\u00dfter Sorgfalt.<\/p>\n<p>Diese Datenschutzerkl\u00e4rung ist jederzeit einsehbar unter <a href=\"https:\/\/www.mediakojo.com\/privacy-policy\/\" target=\"_blank\" rel=\"noopener noreferrer\">www.mediakojo.com\/datenschutz\/<\/a><\/p>\n<p>Der Betreiber entwickelt und begleitet sogenannte Targeting-Kampagnen f\u00fcr Gesch\u00e4ftskunden. Personenbezogene Daten werden durch den Betreiber im Rahmen dieser Kampagnen nicht erhoben.<\/p>\n<p><strong>A. Verarbeitung von personenbezogenen Daten der Nutzer<\/strong><\/p>\n<p>Der Betreiber und seine Dienstleister verwenden personenbezogene Daten des Nutzers f\u00fcr berechtigte Gesch\u00e4ftszwecke, wie im Folgenden beschrieben. Als personenbezogene Daten gelten alle Angaben, die der Nutzer auf den Websites des Betreibers bereitstellt und die einen R\u00fcckschluss auf die Identit\u00e4t des Nutzers zulassen, sowie alle sonstigen Einzelangaben \u00fcber pers\u00f6nliche oder sachliche Verh\u00e4ltnisse einer bestimmten oder bestimmbaren nat\u00fcrlichen Person.<\/p>\n<ul>\n<li style=\"list-style-type: none;\">\n<ul>\n<li><strong>Bereitstellung der Funktionalit\u00e4t der Websites und Beantwortung von Nutzeranfragen:<\/strong>\n<ul>\n<li>Zur Beantwortung Nutzeranfragen, wenn diese \u00fcber das Online-Kontaktformular oder anderweitig Kontakt zum Betreiber aufnehmen, beispielsweise, um Fragen, Vorschl\u00e4ge oder Lob \u00fcbermitteln.<\/li>\n<li>Zum Versenden administrativer Informationen an die Nutzer, wie beispielsweise \u00c4nderungen der Bestimmungen, Gesch\u00e4ftsbedingungen und Richtlinien des Betreibers.<br \/>Der Betreiber f\u00fchrt diese T\u00e4tigkeiten durch, um seine Vertragsbeziehung mit den Nutzern zu verwalten und\/oder um eine rechtliche Verpflichtung zu erf\u00fcllen. Rechtsgrundlagen f\u00fcr die Verarbeitung sind Art. 6 Abs. 1 Satz 1 lit. b) und\/oder lit. c) DSGVO.<\/li>\n<\/ul>\n<\/li>\n<li><strong>Analyse personenbezogener Daten f\u00fcr die Unternehmensberichterstattung:<\/strong>\n<ul>\n<li>Zur Analyse oder Prognose der Pr\u00e4ferenzen der Nutzer, um aggregierte Trendberichte dar\u00fcber zu erstellen, wie die digitalen Inhalte genutzt werden, damit der Betreiber seine Websites verbessern kann.<\/li>\n<li>Um die Nutzer besser zu verstehen, damit der Betreiber seine Interaktionen mit den Nutzern personalisieren und diesen Informationen und\/oder Angebote unterbreiten k\u00f6nnen, die auf die Interessen der Nutzer zugeschnitten sind.<\/li>\n<\/ul>\n<\/li>\n<\/ul>\n<\/li>\n<\/ul>\n<p>Der Betreiber f\u00fchrt diese T\u00e4tigkeiten durch, da er ein berechtigtes Interesse an der Verarbeitung hat. Rechtsgrundlage f\u00fcr die Verarbeitung ist Art. 6 Abs. 1 Satz 1 lit. f) DSGVO.<\/p>\n<ul>\n<li style=\"list-style-type: none;\">\n<ul>\n<li style=\"list-style-type: none;\">\u00a0<\/li>\n<li><strong>Erf\u00fcllung der Gesch\u00e4ftsziele des Betreibers:<\/strong>\n<ul>\n<li>Um zu kontrollieren, dass die internen Prozesse des Betreibers wie beabsichtigt funktionieren und den rechtlichen, aufsichtsrechtlichen oder vertraglichen Verpflichtungen entsprechen.<\/li>\n<li>Zu Zwecken der Betrugs- und Sicherheits\u00fcberwachung, beispielsweise zur Aufdeckung und Abwehr von Cyberattacken oder versuchten Identit\u00e4tsdiebst\u00e4hlen;<\/li>\n<li>Zur Feststellung der Wirksamkeit der Werbekampagnen des Betreibers, so dass der Betreiber seine Kampagnen an die Bed\u00fcrfnisse und Interessen der Nutzer anpassen kann.<\/li>\n<li>Zum Betrieb und zum Ausbau der Gesch\u00e4ftst\u00e4tigkeiten des Betreibers, beispielsweise um zu verstehen, welche Teile der Websites f\u00fcr die Nutzer von gr\u00f6\u00dftem Interesse sind, damit der Betreiber seine Energie auf die Erf\u00fcllung der Interessen der Nutzer konzentrieren kann.<\/li>\n<\/ul>\n<\/li>\n<\/ul>\n<\/li>\n<\/ul>\n<p>Der Betreiber f\u00fchrt diese T\u00e4tigkeiten durch, um seine Vertragsbeziehung zu den Nutzern zu verwalten, um eine rechtlichen Verpflichtung zu erf\u00fcllen und\/oder weil der Betreiber ein berechtigtes Interesse hat. Rechtsgrundlagen f\u00fcr die Verarbeitung sind Art. 6 Abs. 1 Satz 1 lit. a.), lit. c) und\/oder lit. f) DSGVO.<\/p>\n<ul>\n<li style=\"list-style-type: none;\">\n<ul>\n<li style=\"list-style-type: none;\">\u00a0<\/li>\n<li><strong>Zusammenfassung und\/oder Anonymisierung von personenbezogenen Daten:<\/strong><\/li>\n<\/ul>\n<\/li>\n<\/ul>\n<p>Der Betreiber kann personenbezogene Daten zusammenfassen und\/oder anonymisieren, so dass sie nicht mehr als personenbezogene Daten im Sinne der DSGVO gelten. Solche aggregierten Informationen darf der Betreiber zu jeglichen Zwecken verwenden und weitergeben.<br \/>Der Betreiber muss bestimmte personenbezogene Daten erheben, um einem Nutzer die angeforderten Webseiten anzuzeigen. Wenn der Nutzer diese Informationen nicht bereitstellt, ist der Betreiber m\u00f6glicherweise nicht in der Lage, die Websites anzuzeigen. Wenn der Nutzer dem Betreiber oder seinen Dienstleistern personenbezogene Daten anderer Personen bereitstellt, sichert der Nutzer zu, dass er befugt ist, dies zu tun und dem Betreiber die Verwendung der personenbezogenen Daten in \u00dcbereinstimmung mit dieser Privacy Policy zu gestatten.<\/p>\n<p><strong>B. Weitergabe von personenbezogenen Daten<\/strong><\/p>\n<p>Der Betreiber kann personenbezogene Daten der Nutzer an seine Dienstleister im Rahmen der Auftragsverarbeitung weitergeben. Zu diesen Dienstleistern k\u00f6nnen Erbringer von Services wie Hosting von Webseiten, Datenanalyse, Informationstechnologie und Bereitstellung dazugeh\u00f6riger Infrastruktur, Kundendienst, E-Mail-\u00dcbermittlung, Pr\u00fcfung, und sonstigen Dienstleistungen geh\u00f6ren.<\/p>\n<p>Der Betreiber kann personenbezogene Daten auch weitergeben, wenn dies erforderlich oder angemessen ist, insbesondere, wenn eine rechtliche Verpflichtung oder ein berechtigtes Interesse besteht:<\/p>\n<ul>\n<li><strong>Zur Erf\u00fcllung geltender Gesetze und Verordnungen.<\/strong>\n<ul>\n<li>Dazu k\u00f6nnen Gesetze au\u00dferhalb des Wohnsitzlandes eines Nutzers geh\u00f6ren.<\/li>\n<\/ul>\n<\/li>\n<\/ul>\n<ul>\n<li><strong>Zur Zusammenarbeit mit \u00f6ffentlichen Stellen und Regierungsbeh\u00f6rden.<\/strong>\n<ul>\n<li>Zur Beantwortung einer Anfrage oder zur Bereitstellung von Informationen, die nach Meinung des Betreibers von Bedeutung sind<\/li>\n<li>Diese Beh\u00f6rden k\u00f6nnen sich auch au\u00dferhalb des Wohnsitzlandes eines Nutzers befinden.<\/li>\n<\/ul>\n<\/li>\n<\/ul>\n<ul>\n<li><strong>Zur Zusammenarbeit mit Strafverfolgungsbeh\u00f6rden.<\/strong>\n<ul>\n<li>Beispielsweise, zur Beantwortung von Anfragen oder Anordnungen der Strafverfolgungsbeh\u00f6rden oder zur Bereitstellung von Informationen, die nach Meinung des Betreibers von Bedeutung sind.<\/li>\n<\/ul>\n<\/li>\n<\/ul>\n<ul>\n<li><strong>Aufgrund anderer Rechtsgrundlagen.<\/strong>\n<ul>\n<li>Zur Durchsetzung der Gesch\u00e4ftsbedingungen des Betreibers.<\/li>\n<li>Zum Schutz der Rechte, Privatsph\u00e4re, Sicherheit oder Eigentums des Betreibers, seiner Nutzer, oder Dritten.<\/li>\n<\/ul>\n<\/li>\n<\/ul>\n<ul>\n<li><strong>In Verbindung mit einem Verkauf oder einer Gesch\u00e4ftstransaktion.<\/strong>\n<ul>\n<li>Der Betreiber hat ein berechtigtes Interesse an der Offenlegung oder Weitergabe der personenbezogenen Daten der Nutzer an Dritte im Fall von Umstrukturierung, Fusion, Verkauf, Joint Venture, Abtretung, \u00dcbertragung oder sonstiger Ver\u00e4u\u00dferung des gesamten oder eines Teils des Unternehmens, s\u00e4mtlicher Verm\u00f6genswerte oder Aktien (darunter auch in Verbindung mit Insolvenz- oder \u00e4hnlichen Verfahren). Solche Dritte k\u00f6nnen beispielsweise ein erwerbendes Unternehmen und entsprechende Berater sein.<\/li>\n<\/ul>\n<\/li>\n<\/ul>\n<p><strong>C. Automatisierte Verfahren<\/strong><\/p>\n<p>Bei der blo\u00df informatorischen Nutzung der Website, also wenn ein Nutzer sich nicht registriert oder anderweitig Informationen an den Betreiber \u00fcbermittelt, erhebt der Betreiber nur die personenbezogenen Daten, die der Browser des Nutzers an den Server des Betreibers \u00fcbermittelt und die f\u00fcr den Betreiber technisch erforderlich sind, um dem Nutzer die Website anzuzeigen und die Stabilit\u00e4t und Sicherheit zu gew\u00e4hrleisten (Rechtsgrundlage ist Art. 6 Abs. 1 S. 1 lit. f) DSGVO):<\/p>\n<ul>\n<li>Name der abgerufenen Datei,<\/li>\n<li>Datum und Uhrzeit des Abrufs,<\/li>\n<li>\u00dcbertragene Datenmenge,<\/li>\n<li>Meldung, ob der Abruf erfolgreich war,<\/li>\n<li>Beschreibung des Typs des verwendeten Webbrowsers,<\/li>\n<li>Referrer URL (die zuvor besuchte Seite),<\/li>\n<li>Hostname des zugreifenden Rechners (IP-Adresse)<\/li>\n<\/ul>\n<p>Eine Zusammenf\u00fchrung dieser Daten mit anderen Datenquellen, insbesondere mit den Kontaktdaten des Nutzers oder weiteren im Rahmen der Nutzung der Websites vom Nutzer mitgeteilten Daten, wird nicht vorgenommen.<\/p>\n<p>Zus\u00e4tzlich zu den zuvor genannten Daten k\u00f6nnen bei der Nutzung der Website Cookies gespeichert werden. Cookies sind kleine Textdateien, die w\u00e4hrend des Zugriffs auf eine Internetseite dem Computer zugeleitet werden und durch welche dem Betreiber bestimmte Informationen zuflie\u00dfen. Grunds\u00e4tzlich sind zwei Arten von Cookies zu unterscheiden: Cookies, die nur w\u00e4hrend des Zugriffs auf eine Website anfallen und mit dem Schlie\u00dfen des Browsers wieder gel\u00f6scht werden (sogenannte &#8222;Session-Cookies\u201d) sowie Cookies, die bei dem Besuch einer Website auf dem Computer des Nutzers gespeichert werden (sogenannte &#8222;Permanente Cookies\u201d). Diese Cookies k\u00f6nnen zu unterschiedlichen Verwendungszwecken eingesetzt werden, etwa zur nutzerfreundlichen Ausgestaltung des Angebotes.<\/p>\n<p>Der Nutzer kann das Setzen eines Cookies unterbinden, indem er seinen Internet-Browser so einstellt, dass er das Speichern solcher Textdateien nicht zul\u00e4sst. Dar\u00fcber hinaus k\u00f6nnen die auf dem Rechner gespeicherten Cookies jederzeit vom Nutzer gel\u00f6scht werden.<\/p>\n<p>Der Betreiber verwendet den Web-Analysedienst Google Analytics. Dieser wird von Google Inc., 1600 Amphitheatre Parkway, Mountain View, CA 94043, USA (im Folgenden &#8222;Google&#8220;), zur Verf\u00fcgung gestellt und betrieben. Google Analytics verwendet seinerseits Cookies und \u00e4hnliche Technologien, um im Auftrag des Betreibers Informationen zur Nutzung der Website zu sammeln und zu analysieren, sowie um \u00fcber Aktivit\u00e4ten und Entwicklungen zu berichten. Google Analytics kann auch Informationen \u00fcber die Nutzung anderer Websites, Apps und Online Ressourcen sammeln.<\/p>\n<p>Die durch ein Cookie erzeugten Informationen \u00fcber die Benutzung der Website durch die Nutzer werden in der Regel an einen Server von Google in den USA \u00fcbertragen und dort gespeichert. Dabei k\u00f6nnen aus den verarbeiteten Daten pseudonyme Nutzungsprofile der Nutzer erstellt werden. Der Betreiber setzt Google Analytics nur mit aktivierter IP-Anonymisierung ein. Das bedeutet, dass die IP-Adresse des Nutzers von Google innerhalb von Mitgliedstaaten der Europ\u00e4ischen Union oder in anderen Vertragsstaaten des Abkommens \u00fcber den Europ\u00e4ischen Wirtschaftsraum gek\u00fcrzt wird. Nur in Ausnahmef\u00e4llen wird die volle IP-Adresse an einen Server von Google in den USA \u00fcbertragen und dort gek\u00fcrzt. Die von dem Browser des Nutzers \u00fcbermittelte IP-Adresse wird nicht mit anderen Daten von Google zusammengef\u00fchrt.<\/p>\n<p>Anliegen des Betreibers ist die Verbesserung seines Angebotes und Webauftritts (Art. 6 Abs. 1 S. 1 lit. f) DSGVO).<\/p>\n<p>Weitere Informationen zu Google Analytics sind verf\u00fcgbar unter <a href=\"https:\/\/www.google.com\/policies\/privacy\/partners\/\">www.google.com\/policies\/privacy\/partners\/<\/a>. Um eine Nutzung von Google Analytics zu vermeiden (&#8222;Opt-Out&#8220;), kann ein Google Analytics Opt-out Add-on f\u00fcr den Browser heruntergeladen werden, welches unter <a href=\"https:\/\/tools.google.com\/dlpage\/gaoptout\">https:\/\/tools.google.com\/dlpage\/gaoptout<\/a> erh\u00e4ltlich ist.<\/p>\n<p>Um Kampagnen gezielt auszusteuern setzt der Betreiber marktf\u00fchrende Technologie ein, Google DoubleClick und Criteo, deren Datenschutzbestimmungen Sie hier einsehen k\u00f6nnen:<br \/><u>Google Privacy Policy<\/u><br \/><u>Criteo Privacy Policy<\/u><\/p>\n<p>Soweit Endkunden eine Anzeige von personalisierter Werbung, und die damit verbundene Datenerhebung auf ihrem Browser und dem verwendeten Ger\u00e4t unterbinden m\u00f6chten, k\u00f6nnen sie dies wie folgt einstellen:<\/p>\n<p>Opt out of Google DoubleClick<br \/>1.Hier anmelden: <a href=\"https:\/\/www.google.com\/settings\/ads\">www.google.com\/settings\/ads<\/a>.<br \/>2.Unter &#8222;Google Ads Across the Web&#8220;auf den &#8222;Opt out&#8220; Button klicken.<br \/>3. Im Dialog-Fenster auf den Opt-Out Button klicken.<\/p>\n<p>Opt out of Criteo<br \/>Entsprechende Einstellungen k\u00f6nnen auf der Privacy Policy von Criteo vorgenommen werden.<br \/>Allgemeine, nicht personalisierte Werbung wird dem Nutzer auch nach diesen Einstellungen weiterhin angezeigt.<\/p>\n<p><strong>D. Speicherdauer<\/strong><\/p>\n<p>Der Betreiber speichert die erhobenen Daten nur solange, wie es f\u00fcr den Zweck, f\u00fcr den die Daten erhoben worden sind, erforderlich ist, beziehungsweise so lange, wie es aufgrund gesetzlicher Vorschriften erforderlich ist. Zu den Kriterien zur Bestimmung der Speicherdauer geh\u00f6ren:<\/p>\n<ul>\n<li>Die Zeitspanne, \u00fcber die der Betreiber eine laufende Vertragsbeziehung zu einem Nutzer hat und die Website f\u00fcr einen Nutzer bereitstellt (solange der Nutzer beispielsweise ein Konto beim Betreiber hat oder die Website weiter nutzt);<\/li>\n<li>Ob es eine rechtliche Verpflichtung gibt, der der Betreiber unterliegt (beispielsweise erfordern einige Gesetze die Aufbewahrung von Aufzeichnungen der Transaktionen zwischen Betreiber und Nutzer \u00fcber einen bestimmten Zeitraum); oder<\/li>\n<li>Ob die Speicherung angesichts der rechtlichen Stellung des Betreibers ratsam ist (zum Beispiel in Bezug auf einschl\u00e4gige Verj\u00e4hrungsfristen, Rechtsstreitigkeiten oder aufsichtsbeh\u00f6rdliche Ermittlungen).<\/li>\n<\/ul>\n<p><strong>E. Datensicherheit<\/strong><\/p>\n<p>Der Betreiber ist bem\u00fcht, angemessene organisatorische, technische und administrative Ma\u00dfnahmen einzusetzen, um personenbezogene Daten der Nutzer zu sch\u00fctzen. Leider kann nicht gew\u00e4hrleistet werden, dass ein Daten\u00fcbertragungs- oder Datenspeichersystem einhundertprozentig sicher ist. Sollte ein Nutzer vermuten, dass ein Problem im Hinblick auf Datensicherheit aufgetreten ist, bittet der Betreiber, dies umgehend \u00fcber den weiter unten aufgef\u00fchrten Abschnitt &#8222;Kontakt&#8220; mitzuteilen.<\/p>\n<p><strong>F. Rechte des Nutzers<\/strong><\/p>\n<p>Unter den gesetzlichen Voraussetzungen hat der Nutzer das Recht, unter den unten genannten Kontaktdaten Auskunft (Art. 15 DSGVO) \u00fcber die vom Betreiber verarbeiteten personenbezogenen Daten zu erhalten und die Berichtigung (Art. 16 DSGVO) oder L\u00f6schung (Art. 17 DSGVO) dieser personenbezogenen Daten oder die Einschr\u00e4nkung der Verarbeitung (Art. 18 DSGV) zu beantragen.<\/p>\n<p>Der Betreiber bittet den Nutzer, bei seiner Anfrage klar anzugeben, welche personenbezogenen Daten ge\u00e4ndert bzw. gel\u00f6scht werden sollen. Zum Schutz des Nutzers muss der Betreiber m\u00f6glicherweise zun\u00e4chst die Identit\u00e4t des anfragenden Nutzers pr\u00fcfen, bevor er mit der Bearbeitung der Anfrage beginnen kann. Der Betreiber wird versuchen, die Anfrage sobald wie praktisch umsetzbar zu beantworten.<\/p>\n<p>Werden personenbezogene Daten zur Wahrung berechtigter Interessen verarbeitet (Art. 6 Abs. 1 Satz 1 lit. f) DSGVO), kann der Nutzer dieser Verarbeitung widersprechen, sofern sich aus einer besonderen Situation Gr\u00fcnde ergeben, die dieser Datenverarbeitung entgegenstehen.<\/p>\n<p>Werden personenbezogene Daten auf Grundlage einer vom Nutzer erteilten Einwilligung (Art. 6 Abs. 1 Satz 1 lit. a) DSGVO) verarbeitet, kann der Nutzer diese Einwilligung jederzeit mit Wirkung f\u00fcr die Zukunft widerrufen.<\/p>\n<p>In den F\u00e4llen des Art. 20 DSGVO hat der Nutzer das Recht, die \u00dcbertragung der ihn betreffenden personenbezogenen Daten in einem strukturierten, g\u00e4ngigen und maschinenlesbaren Format zu verlangen.<\/p>\n<p>F\u00fcr die Aus\u00fcbung dieser Rechte kann sich der Nutzer unter info@mediakojo.com oder \u00fcber die Angaben im weiter unten aufgef\u00fchrten Abschnitt &#8222;Kontakt&#8220; an den Betreiber wenden.<\/p>\n<p>Dar\u00fcber hinaus hat der Nutzer die M\u00f6glichkeit, sich an die zust\u00e4ndige Aufsichtsbeh\u00f6rde zu wenden. Eine Liste der Aufsichtsbeh\u00f6rden ist hier einsehbar: <a href=\"https:\/\/www.bfdi.bund.de\/DE\/Infothek\/Anschriften_Links\/AufsBehoerdFuerDenNichtOeffBereich\/AufsichtsbehoerdenNichtOeffBereich_liste.html\">https:\/\/www.bfdi.bund.de\/DE\/Infothek\/Anschriften_Links\/AufsBehoerdFuerDenNichtOeffBereich\/AufsichtsbehoerdenNichtOeffBereich_liste.html<\/a>.<\/p>\n<p><strong>G. Dienstleistungen Dritter<\/strong><\/p>\n<p>Diese Privacy Policy bezieht sich nicht auf den Datenschutz, die Informationen oder sonstige Verfahren Dritter, einschlie\u00dflich Dritter, die eine Webseite oder einen Dienst betreiben, auf den die Websites verlinken, und der Betreiber ist daf\u00fcr auch nicht verantwortlich. Die Aufnahme eines Links in eine Website des Betreibers impliziert nicht dessen Billigung der verlinkten Webseite oder Dienstes.<\/p>\n<p><strong>H. Nutzung der Websites durch Minderj\u00e4hrige<\/strong><\/p>\n<p>Die Websites sind nicht f\u00fcr nat\u00fcrliche Personen unter achtzehn (18) Jahren bestimmt, und der Betreiber erhebt nicht wissentlich personenbezogene Daten von nat\u00fcrlichen Personen unter 18.<\/p>\n<p><strong>I. Sensible Informationen<\/strong><\/p>\n<p>Der Betreiber bittet die Nutzer, keine sensiblen Informationen (z. B. Sozialversicherungsnummern, Informationen \u00fcber rassische oder ethnische Herkunft, politische Meinungen, Religion oder sonstige \u00dcberzeugungen, Gesundheit, biometrische oder genetische Eigenschaften, kriminellen Hintergrund oder Gewerkschaftszugeh\u00f6rigkeit) auf den oder \u00fcber die Websites oder anderweitig zu \u00fcbermitteln oder offenzulegen, sofern der Betreiber dies nicht ausdr\u00fccklich verlangt.<\/p>\n<p><strong>J. Aktualisierung dieser Privacy Policy<\/strong><\/p>\n<p>Der Angabe &#8222;LETZTE AKTUALISIERUNG&#8220; am Anfang dieser Privacy Policy kann entnommen werden, wann diese Privacy Policy letztmalig aktualisiert wurde. \u00c4nderungen werden wirksam, wenn der Betreiber die \u00fcberarbeitete Privacy Policy auf den Websites postet. Die Nutzung der Websites nach diesen \u00c4nderungen bedeutet, dass der Nutzer die \u00fcberarbeitete Privacy Policy anerkennt.<\/p>\n<p><strong>K. Kontakt<\/strong><\/p>\n<p>Media Kojo GmbH<br \/>Friedrichstrasse 171<br \/>10117 Berlin<br \/><a href=\"mailto:info@mediakojo.com\">info@mediakojo.com<\/a><\/p>\n<p><strong>Bereitstellung von Targeting-Tools<\/strong><\/p>\n<p>Der Betreiber bietet seinen Gesch\u00e4ftspartnern die Entwicklung und Durchf\u00fchrung sogenannter Targeting-Kampagnen an. Targeting-Kampagnen dienen der Optimierung von Online-Auftritten der Gesch\u00e4ftspartner durch den Einsatz von Cookies. Sie helfen, den Endkunden der Gesch\u00e4ftspartner relevantere und n\u00fctzlichere Werbung anzuzeigen. Die im Rahmen einer Targeting-Kampagne vom Betreiber verarbeiteten Daten sind vollkommen anonym, d.h. es werden keinerlei Informationen gespeichert, anhand derer der Betreiber Endkunden seiner Gesch\u00e4ftspartner identifizieren kann.<\/p>\t\t\t\t\t\t\t\t<\/div>\n\t\t\t\t<\/div>\n\t\t\t\t\t<\/div>\n\t\t\t\t<\/div>\n\t\t\t\t<\/div>\n\t\t","protected":false},"excerpt":{"rendered":"<p>Letzte Aktualisierung: 29. Dezember 2023 www.mediakojo.com ist ein Internetangebot (im Folgenden jeweils die &#8222;Website&#8220;) der Media Kojo GmbH, Friedrichstrasse 171 in 10117 Berlin, Deutschland, die auch verantwortliche Stelle im Sinne der EU Datenschutz-Grundverordnung (DSGVO) ist (im Folgenden der &#8222;Betreiber&#8220;). Der Betreiber behandelt die vom Nutzer bereit gestellten Informationen jederzeit mit gr\u00f6\u00dfter Sorgfalt. Diese Datenschutzerkl\u00e4rung ist [&hellip;]<\/p>\n","protected":false},"author":1,"featured_media":0,"parent":0,"menu_order":0,"comment_status":"closed","ping_status":"closed","template":"","meta":{"footnotes":""},"class_list":["post-3","page","type-page","status-publish","hentry"],"_links":{"self":[{"href":"https:\/\/www.mediakojo.com\/de\/wp-json\/wp\/v2\/pages\/3","targetHints":{"allow":["GET"]}}],"collection":[{"href":"https:\/\/www.mediakojo.com\/de\/wp-json\/wp\/v2\/pages"}],"about":[{"href":"https:\/\/www.mediakojo.com\/de\/wp-json\/wp\/v2\/types\/page"}],"author":[{"embeddable":true,"href":"https:\/\/www.mediakojo.com\/de\/wp-json\/wp\/v2\/users\/1"}],"replies":[{"embeddable":true,"href":"https:\/\/www.mediakojo.com\/de\/wp-json\/wp\/v2\/comments?post=3"}],"version-history":[{"count":4,"href":"https:\/\/www.mediakojo.com\/de\/wp-json\/wp\/v2\/pages\/3\/revisions"}],"predecessor-version":[{"id":144,"href":"https:\/\/www.mediakojo.com\/de\/wp-json\/wp\/v2\/pages\/3\/revisions\/144"}],"wp:attachment":[{"href":"https:\/\/www.mediakojo.com\/de\/wp-json\/wp\/v2\/media?parent=3"}],"curies":[{"name":"wp","href":"https:\/\/api.w.org\/{rel}","templated":true}]}}