{"id":145,"date":"2023-12-29T17:34:20","date_gmt":"2023-12-29T16:34:20","guid":{"rendered":"https:\/\/www.mediakojo.com\/?page_id=145"},"modified":"2026-03-19T11:36:42","modified_gmt":"2026-03-19T10:36:42","slug":"impressum","status":"publish","type":"page","link":"https:\/\/www.mediakojo.com\/en\/impressum\/","title":{"rendered":"Imprint"},"content":{"rendered":"<div data-elementor-type=\"wp-page\" data-elementor-id=\"145\" class=\"elementor elementor-145\" data-elementor-post-type=\"page\">\n\t\t\t\t<div class=\"elementor-element elementor-element-fdae366 e-flex e-con-boxed e-con e-parent\" data-id=\"fdae366\" data-element_type=\"container\" data-e-type=\"container\">\n\t\t\t\t\t<div class=\"e-con-inner\">\n\t\t\t\t<div class=\"elementor-element elementor-element-adb953c elementor-widget elementor-widget-text-editor\" data-id=\"adb953c\" data-element_type=\"widget\" data-e-type=\"widget\" data-widget_type=\"text-editor.default\">\n\t\t\t\t<div class=\"elementor-widget-container\">\n\t\t\t\t\t\t\t\t\t<p>Diese Seite ist ein Angebot der:<\/p>\n<ul style=\"list-style-type: none; padding: 0px;\">\n<li><strong>Media Kojo GmbH<\/strong><\/li>\n<li>Friedrichstra\u00dfe 171<\/li>\n<li>10117 Berlin, Germany<\/li>\n<li>E-Mail: <a href=\"mailto:info@mediakojo.com\">info@mediakojo.com<\/a><\/li>\n<li>&nbsp;<\/li>\n<li>Gesch\u00e4ftsf\u00fchrer: Simon Ritter<\/li>\n<li>Eingetragen beim Amtsgericht Charlottenburg Berlin, HRB 255222 B<\/li>\n<li>Steuernummer: 30\/438\/50049<\/li>\n<li>Ust-ID: DE364627447<\/li>\n<\/ul>\t\t\t\t\t\t\t\t<\/div>\n\t\t\t\t<\/div>\n\t\t\t\t\t<\/div>\n\t\t\t\t<\/div>\n\t\t<div class=\"elementor-element elementor-element-ac662f9 e-flex e-con-boxed e-con e-parent\" data-id=\"ac662f9\" data-element_type=\"container\" data-e-type=\"container\">\n\t\t\t\t\t<div class=\"e-con-inner\">\n\t\t\t\t<div class=\"elementor-element elementor-element-36f0bb4 elementor-widget elementor-widget-text-editor\" data-id=\"36f0bb4\" data-element_type=\"widget\" data-e-type=\"widget\" data-widget_type=\"text-editor.default\">\n\t\t\t\t<div class=\"elementor-widget-container\">\n\t\t\t\t\t\t\t\t\t<p><b>Rechtliche Hinweise<br \/><\/b><a href=\"http:\/\/ec.europa.eu\/consumers\/odr\/\">Link zur Plattform der Europ\u00e4ischen Kommission<\/a><br \/>gem\u00e4\u00df der Verordnung \u00fcber Online-Streitbeilegung in Verbraucherangelegenheiten. Zur Teilnahme an einem Streitbeilegungsverfahren vor einer Verbraucherschlichtungsstelle sind wir nicht verpflichtet und nicht bereit.<\/p>\t\t\t\t\t\t\t\t<\/div>\n\t\t\t\t<\/div>\n\t\t\t\t\t<\/div>\n\t\t\t\t<\/div>\n\t\t\t\t<\/div>","protected":false},"excerpt":{"rendered":"<p>Diese Seite ist ein Angebot der: Media Kojo GmbH Friedrichstra\u00dfe 171 10117 Berlin E-Mail: info@mediakojo.com &nbsp; Gesch\u00e4ftsf\u00fchrer: Simon Ritter Eingetragen beim Amtsgericht Charlottenburg Berlin, HRB 255222 B Steuernummer: 30\/438\/50049 Ust-ID: DE364627447 Rechtliche HinweiseLink zur Plattform der Europ\u00e4ischen Kommissiongem\u00e4\u00df der Verordnung \u00fcber Online-Streitbeilegung in Verbraucherangelegenheiten. Zur Teilnahme an einem Streitbeilegungsverfahren vor einer Verbraucherschlichtungsstelle sind wir nicht [&hellip;]<\/p>\n","protected":false},"author":1,"featured_media":0,"parent":0,"menu_order":0,"comment_status":"closed","ping_status":"closed","template":"","meta":{"footnotes":""},"class_list":["post-145","page","type-page","status-publish","hentry"],"_links":{"self":[{"href":"https:\/\/www.mediakojo.com\/en\/wp-json\/wp\/v2\/pages\/145","targetHints":{"allow":["GET"]}}],"collection":[{"href":"https:\/\/www.mediakojo.com\/en\/wp-json\/wp\/v2\/pages"}],"about":[{"href":"https:\/\/www.mediakojo.com\/en\/wp-json\/wp\/v2\/types\/page"}],"author":[{"embeddable":true,"href":"https:\/\/www.mediakojo.com\/en\/wp-json\/wp\/v2\/users\/1"}],"replies":[{"embeddable":true,"href":"https:\/\/www.mediakojo.com\/en\/wp-json\/wp\/v2\/comments?post=145"}],"version-history":[{"count":10,"href":"https:\/\/www.mediakojo.com\/en\/wp-json\/wp\/v2\/pages\/145\/revisions"}],"predecessor-version":[{"id":1061,"href":"https:\/\/www.mediakojo.com\/en\/wp-json\/wp\/v2\/pages\/145\/revisions\/1061"}],"wp:attachment":[{"href":"https:\/\/www.mediakojo.com\/en\/wp-json\/wp\/v2\/media?parent=145"}],"curies":[{"name":"wp","href":"https:\/\/api.w.org\/{rel}","templated":true}]}}